{"id":375,"date":"0001-01-01T00:53:28","date_gmt":"0001-01-01T00:00:00","guid":{"rendered":"https:\/\/jh-recht.de\/home\/"},"modified":"2026-05-13T09:05:48","modified_gmt":"2026-05-13T07:05:48","slug":"home","status":"publish","type":"page","link":"https:\/\/jh-recht.de\/ru\/","title":{"rendered":"\u0434\u043e\u043c"},"content":{"rendered":"","protected":false},"excerpt":{"rendered":"","protected":false},"author":1,"featured_media":14904,"parent":0,"menu_order":0,"comment_status":"closed","ping_status":"closed","template":"","meta":{"_acf_changed":false,"inline_featured_image":false,"footnotes":""},"class_list":["post-375","page","type-page","status-publish","has-post-thumbnail","hentry"],"acf":{"header_address.Content":"","header_opening_hours.Content":"","header_phone_number.Content":"","child_entity.Value":"","001_page_meta.page_image10.Id":3778,"001_page_meta.page_image9.Id":3778,"001_page_meta.page_image8.Id":3778,"001_page_meta.page_image7.Id":3778,"001_page_meta.page_image6.Id":3778,"001_page_meta.page_image5.Id":3778,"001_page_meta.page_image4.Id":3778,"001_page_meta.page_image3.Id":3778,"001_page_meta.page_image2.Id":3778,"001_page_meta.page_image1.Id":3778,"0001_website_meta.site_logo.Id":12328,"galleries_enabled.Value":"true","multi_language_maps_enabled.Value":"false","001_page_meta.featured_image_mobile.Id":14904,"001_page_meta.featured_image.Id":862,"001_page_meta.content_image_3.Id":null,"001_page_meta.content_image_2.Id":null,"001_page_meta.content_image_1.Id":null,"parent_entity.Value":"","type_entity.Value":"","0001_website_meta.site_logo_inverted.Id":3778,"02_hero_content.hero_image3.Id":null,"02_hero_content.image_hero_content3.Id":null,"02_hero_content.image_hero_content2.Id":null,"02_hero_content.image_hero_content1.Id":null,"heading_hero_benefit3.Content":"","heading_hero_benefit2.Content":"","heading_hero_benefit1.Content":"","heading_hero_slider.Content":"","02_hero_content.hero_image8.Id":null,"02_hero_content.hero_image7.Id":null,"02_hero_content.hero_image6.Id":null,"02_hero_content.hero_image5.Id":null,"02_hero_content.hero_image4.Id":null,"top_heading_hero.Content":"<div>Rechtsanw\u00e4ltin Julia Hoffmann - Stark an Ihrer Seite \u2013 f\u00fcr Familie, Verm\u00f6gen und pers\u00f6nliche Rechte.<\/div>","02_hero_content.hero_image2.Id":null,"02_hero_content.hero_image1.Id":null,"hero_content_form_benefit2.Content":"","hero_content_form_benefit1.Content":"","hero_content_form_benefit3.Content":"","hero_content_form.Value":"","hero_gallery_enabled.Value":"false","main_heading_hero_cta.Value":"\/kontakt","main_heading_hero_cta.Attribute":"Kontaktieren Sie mich","sub_heading_hero.Content":"Engagierte Rechtsberatung f\u00fcr pers\u00f6nliche, famili\u00e4re und erbrechtliche Anliegen.","main_heading_hero.Content":"Ihr Rechtsanwalt im Familienrecht und Erbrecht","subheading_contact_form.Content":"","contact_area_contact_form_phone_text.Content":"","contact_area_contact_form_name_text.Content":"","contact_area_contact_form_message_text.Content":"","contact_area_contact_form_mail_text.Content":"","contact_area_contact_form_button_text.Content":"","contact_form.Value":"","contact_address.Content":"","opening_hours.Content":"","map.Value":"","heading_contact_form.Content":"","telephone.Value":"","e-mail.Value":"","e-mail.Attribute":"","calendly_enabled.Value":"false","contact_image_enabled.Value":"","contact_maps_enabled.Value":"","calendly_url.Value":"","calendly_url.Attribute":"","online_form_name.Content":"","online_form_source.Value":"","testimonial3_customer.Content":"","04_social_proof.testimonial1_image.Id":3778,"04_social_proof.testimonial2_image.Id":3778,"04_social_proof.testimonial3_image.Id":3778,"04_social_proof.google_places_review_image.Id":371,"04_social_proof.social_proof_background_image.Id":373,"heading_social_proof.Content":"Mit Resultaten \u00fcberzeugen","google_places_id2.Value":"","google_places_id.Value":"ChIJ_S_2URQtlkcRSZ0NGk7ZILY","testimonial1_customer.Content":"","testimonial1_text.Content":"","testimonial2_customer.Content":"","testimonial3_text.Content":"","testimonial2_text.Content":"","custom_reviews_enabled.Value":"","anwalt_de_widgetcode.Value":"<div data-anw-widget=\"12177fb33ef2a2\"><\/div><script async type=\"text\/javascript\" src=\"https:\/\/widget.anwalt.de\/anwalt-de-profil\/12\/id\/228223\/baseColor\/4B628B\/headerColor\/ffffff\/width\/400\/rounded\/0\/linksNewWindow\/1\/disableBorder\/0\/get.js?uid=177fb33ef2a2&v=2\"><\/script>","anwalt_de_enabled.Value":"true","google_places_enabled.Value":"true","google_places_reviews_enabled2.Value":"","google_places_reviews_enabled.Value":"","google_places_review_url2.Value":"","subheading_social_proof.Content":"<p>F\u00fcr Rechtsanw\u00e4ltin Julia Hoffmann steht die Mandantenzufriedenheit an erster Stelle<\/p>","google_places_review_url.Value":"https:\/\/search.google.com\/local\/writereview?placeid=ChIJ_S_2URQtlkcRSZ0NGk7ZILY","social_proof_enabled.Value":"true","social_proof_disclaimer.Content":"<div>Bewertungen sind f\u00fcr mich sehr wichtig. Sie geben uns Feedback \u00fcber unsere t\u00e4glichen Anstrengungen. Besonders freuen wir uns nat\u00fcrlich \u00fcber 5 Sterne. Kunden haben die M\u00f6glichkeit die Kanzlei auf Google oder anderen Plattformen zu bewerten. Eine \u00dcberpr\u00fcfung der Bewertungen durch uns im Hinblick darauf, ob die Bewertung von einem Mandanten stammt, findet vor der Ver\u00f6ffentlichung nicht statt.<\/div>","benefit_1_text.Content":"<div>\n<p data-start=\"209\" data-end=\"533\">Ich berate Mandantinnen und Mandanten individuell, transparent und diskret. Dabei lege ich gro\u00dfen Wert auf eine verst\u00e4ndliche und vertrauensvolle Kommunikation. Auf Wunsch erfolgt die Beratung auch in <strong data-start=\"348\" data-end=\"370\">russischer Sprache<\/strong>, sodass rechtliche Fragen ohne sprachliche Barrieren gekl\u00e4rt werden k\u00f6nnen \u2013 gerade in sensiblen und emotional belastenden Situationen ein entscheidender Vorteil.<\/p>\n<\/div>","05a_benefit_area.benefit_3_image.Id":null,"05a_benefit_area.benefit_2_image.Id":null,"05a_benefit_area.benefit_1_image.Id":null,"05a_benefit_area_enabled.Value":"true","benefit_heading_enabled.value":"false","benefit_heading.Content":"","benefit_3_text.Content":"<div>\n<p data-start=\"947\" data-end=\"1263\">Regelm\u00e4\u00dfige juristische Fortbildungen sichern eine Beratung auf aktuellem Stand. Als **zertifizierte Verfahrensbeist\u00e4ndin (\u201eAnw\u00e4ltin des Kindes\u201c) ** bringt ich zudem besondere Erfahrung in familiengerichtlichen Verfahren ein und stelle sicher, dass das <strong data-start=\"1211\" data-end=\"1225\">Kindeswohl<\/strong> stets angemessen ber\u00fccksichtigt wird.<\/p>\n<\/div>","benefit_3_heading.Content":"Fachlich fundiert und verantwortungsbewusst","benefit_3_icon.Id":"","benefit_2_text.Content":"<p data-start=\"572\" data-end=\"890\">Ich setze mich mit Nachdruck f\u00fcr Ihre rechtlichen Interessen ein \u2013 sowohl im Familienrecht als auch im Erbrecht. Ob bei Scheidung, Unterhalt, Umgangsrecht oder Verm\u00f6gensauseinandersetzungen sowie bei der Gestaltung von Testamenten oder der Durchsetzung von Erb- und Pflichtteilsanspr\u00fcchen: Sie erhalten eine engagierte und verl\u00e4ssliche Unterst\u00fctzung bei der Wahrung Ihrer Rechte.<\/p>","benefit_2_heading.Content":"Engagiert f\u00fcr Ihre Rechte","benefit_2_icon.Id":"","benefit_1_icon.Id":"","benefit_1_heading.Content":"Pers\u00f6nlich. Verst\u00e4ndlich. Mehrsprachig.","benefit_1_widgetcode.Content":"","benefit_2_widgetcode.Content":"","benefit_3_widgetcode.Content":"","intro_heading.Content":"","intro_text.Content":"","intro_gallery_enabled.Value":"false","05a_content_intro_enabled.Value":"false","overview_heading.Content":"","overview_text.Content":"","overview_cta_lead_in.Content":"","overview_cta.Attribute":"","overview_cta.Value":"","05b_content_overview_enabled.Value":"true","detail_heading_opt2.Content":"","05c_content_detail.image_product5.Id":null,"detail_text_opt2.Content":"","detail_call_to_action_enabled.Value":"false","detail_slider_enabled.Value":"false","detail_heading.Content":"","detail_text.Content":"","detail_cta_lead_in.Content":"","detail_cta.Attribute":"","detail_cta.Value":"","detail_heading_opt1.Content":"","detail_text_opt1.Content":"","detail_cta_lead_in_opt1.Content":"","detail_cta_opt1.Attribute":"","detail_cta_opt1.Value":"","05c_content_detail.image_person_slider3.Id":null,"05c_content_detail_enabled.Value":"true","detail_cta_lead_in_opt2.Content":"","detail_cta_opt2.Attribute":"","detail_cta_opt2.Value":"","detail_heading_opt3.Content":"","detail_text_opt3.Content":"","detail_cta_lead_in_opt3.Content":"","05c_content_detail.image_product1.Id":null,"detail_cta_opt3.Attribute":"","05c_content_detail.image_product2.Id":null,"detail_cta_opt3.Value":"","05c_content_detail.image_product3.Id":null,"detail_heading_opt4.Content":"","05c_content_detail.image_product4.Id":null,"detail_cta_opt6.Attribute":"","detail_cta_lead_in_opt4.Content":"","detail_cta_opt4.Attribute":"","05c_content_detail.image_product6.Id":null,"05c_content_detail.image_product7.Id":null,"detail_cta_opt4.Value":"","05c_content_detail.image_product8.Id":null,"05c_content_detail.image_product9.Id":null,"detail_heading_opt5.Content":"","detail_text_opt5.Content":"","detail_cta_lead_in_opt5.Content":"","detail_cta_opt5.Attribute":"","detail_cta_opt5.Value":"","detail_heading_opt6.Content":"","detail_text_opt6.Content":"","detail_cta_opt6.Value":"","detail_text_opt4.Content":"","05c_content_detail.image_staff_1.Id":null,"05c_content_detail.image_staff_2.Id":null,"05c_content_detail.image_staff_3.Id":null,"05c_content_detail.image_staff_4.Id":null,"05c_content_detail.image_staff_5.Id":null,"05c_content_detail.image_staff_6.Id":null,"05c_content_detail.image_person_slider1.Id":null,"05c_content_detail.image_office.Id":null,"detail_cta_lead_in_opt6.Content":"","05c_content_detail.image_person_slider4.Id":null,"05c_content_detail.image_person.Id":null,"05c_content_detail.image_person_slider2.Id":null,"competence_heading.Content":"","competence_text.Content":"","competence_cta_lead_in.Content":"","competence_cta.Attribute":"","competence_cta.Value":"","05d_content_competence_enabled.Value":"true","05d_content_competence.competence_image1.Id":null,"05d_content_competence.competence_image2.Id":null,"services_heading.Content":"","services_text.Content":"","services_cta_lead_in.Content":"","services_cta.Attribute":"","services_cta.Value":"","05e_content_services_enabled.Value":"true","faq_heading.Content":"","question2.Content":"","question3.Content":"","question4.Content":"","question5.Content":"","question6.Content":"","question7.Content":"","question8.Content":"","question9.Content":"","question10.Content":"","question1.Content":"","answer10.Content":"","answer3.Content":"","answer4.Content":"","answer5.Content":"","answer6.Content":"","answer7.Content":"","answer8.Content":"","answer9.Content":"","answer1.Content":"","answer2.Content":"","05f_questions_and_answers_enabled.Value":"true","seoarea1heading.Content":"Umfassende rechtliche Beratung in herausfordernden Lebenslagen","seoarea1text.Content":"<div>\n<p data-start=\"237\" data-end=\"739\">Als Rechtsanw\u00e4ltin begleite ich meine Mandantinnen und Mandanten in Situationen, die nicht nur rechtlich komplex, sondern h\u00e4ufig auch emotional belastend sind. Ob famili\u00e4re Auseinandersetzungen, strafrechtliche Konflikte oder erbrechtliche Fragestellungen \u2013 Ziel ist stets eine nachvollziehbare, strukturierte und individuelle Rechtsberatung. Dabei wird gro\u00dfer Wert auf eine offene Kommunikation gelegt, damit Mandanten ihre rechtliche Situation verstehen und fundierte Entscheidungen treffen k\u00f6nnen.<\/p>\n<\/div>","seoarea2heading.Content":"Familienrecht mit besonderem Blick auf Kinder und nachhaltige L\u00f6sungen","seoarea2text.Content":"<div>\n<p data-start=\"823\" data-end=\"1325\">Ein Schwerpunkt der T\u00e4tigkeit liegt im Familienrecht.\u00a0 Ich berate und vertrte meine Mandanten bei Trennung und Scheidung, im Unterhaltsrecht, bei Sorgerechts- und Umgangsregelungen sowie bei der Verm\u00f6gensauseinandersetzung nach einer Trennung. Als zertifizierte Verfahrensbeist\u00e4ndin wird das Kindeswohl in familiengerichtlichen Verfahren besonders ber\u00fccksichtigt. Ziel ist es, L\u00f6sungen zu entwickeln, die rechtlich tragf\u00e4hig sind und zugleich die famili\u00e4re Situation langfristig stabilisieren.<\/p>\n<\/div>","seoarea3heading.Content":"Strafrechtliche Unterst\u00fctzung und konsequente Durchsetzung von Opferrechten","seoarea3text.Content":"<div>\n<p data-start=\"1414\" data-end=\"1916\">Neben der strafrechtlichen Beratung und Vertretung engagiere ich mich als Rechtsanwalt verst\u00e4rkt f\u00fcr die Rechte von Verletzten und Opfern von Straftaten. Ich unterst\u00fctzte Gesch\u00e4digte unter anderem nach K\u00f6rperverletzungsdelikten, Raub\u00fcberf\u00e4llen oder Sexualstraftaten bei der Durchsetzung ihrer Anspr\u00fcche auf Schmerzensgeld und Schadensersatz. In vielen F\u00e4llen erfolgt diese Unterst\u00fctzung bereits im Strafverfahren gegen den T\u00e4ter, um die Rechte der Opfer fr\u00fchzeitig und wirkungsvoll geltend zu machen.<\/p>\n<\/div>","seoarea4heading.Content":"Vorausschauende Beratung im Erbrecht","seoarea4text.Content":"<div>\n<p data-start=\"1966\" data-end=\"2442\">Auch im Erbrecht stehe ich als Rechtsanwalt meinen Mandanten umfassend zur Seite. Die Beratung umfasst sowohl die Gestaltung von Testamenten als auch die Durchsetzung von Erb- und Pflichtteilsanspr\u00fcchen. Dar\u00fcber hinaus begleitet ich Mandanten bei der Auseinandersetzung von Erbengemeinschaften und helfe dabei, rechtliche Konflikte innerhalb der Familie m\u00f6glichst sachlich und l\u00f6sungsorientiert zu kl\u00e4ren. Ziel ist eine rechtssichere und klare Regelung des Nachlasses.<\/p>\n<\/div>","05g_seoarea_enabled.Value":"true","06_gallery_related1.gallery_related.TypeEntityName":"rechtsgebiete","06_gallery_related1.gallery_related.SubHeading":"Recht f\u00fcr Sie","06_gallery_related1.gallery_related.Heading":"Rechtsgebiete","06_gallery_related1.background_image.Id":860,"06_gallery_related1.gallery_related.ButtonCtaText":"Kontakt","06_gallery_related1.gallery_related.ButtonCtaUrl":"\/kanzlei\/kontakt","gallery_related1_filterable_tabs_enabled.Value":"false","06_gallery_related1_enabled.Value":"true","06_gallery_related2.gallery_related.TypeEntityName":"dienstleistungen","06_gallery_related2.gallery_related.SubHeading":"Rund um Ihr Recht","06_gallery_related2.gallery_related.Heading":"Meine Dienstleistungen","06_gallery_related2.background_image.Id":861,"06_gallery_related2.gallery_related.ButtonCtaText":"Termin vereinbaren","06_gallery_related2.gallery_related.ButtonCtaUrl":"\/kanzlei\/kontakt","06_gallery_related2_enabled.Value":"true","06_gallery_related3.gallery_related.TypeEntityName":"rechtsanwaelte","06_gallery_related3.gallery_related.SubHeading":"Individuelle Beratung","06_gallery_related3.background_image.Id":368,"06_gallery_related3.gallery_related.ButtonCtaText":"Termin vereinbaren","06_gallery_related3.gallery_related.ButtonCtaUrl":"\/kanzlei\/kontakt","06_gallery_related3.gallery_related.Heading":"\u00dcber uns","06_gallery_related3_enabled.Value":"false","06_gallery_related4.gallery_related.EnityId":"","06_gallery_related4.gallery_related.SubHeading":"","06_gallery_related4.gallery_related.Heading":"","06_gallery_related4.background_image.Id":null,"06_gallery_related4.gallery_related.ButtonCtaText":"","06_gallery_related4.gallery_related.ButtonCtaUrl":"","06_gallery_related4_enabled.Value":"","06_gallery_related5.gallery_related.EnityId":"","06_gallery_related5.gallery_related.SubHeading":"","06_gallery_related5.gallery_related.Heading":"","06_gallery_related5.background_image.Id":null,"06_gallery_related5.gallery_related.ButtonCtaText":"","06_gallery_related5.gallery_related.ButtonCtaUrl":"","06_gallery_related5_enabled.Value":"","instagram_feed.Content":"","toc_heading.Content":"true","heading_call_to_action.Content":"<div>Jetzt Anfrage stellen<\/div>","subheading_call_to_action.Content":"<div>Ich berate Sie gerne umfassend und pers\u00f6nlich bei Ihrem Anliegen.<\/div>","cta_call_to_action.Attribute":"Kontakt","cta_call_to_action.Value":"\/kontakt","call_to_action_video_enabled.Value":"","video_call_to_action_youtube_url.Value":"","video_call_to_action_youtube_url2.Value":"","06a_home_call_to_action.image_call_to_action.Id":11347,"06a_home_call_to_action_enabled.Value":"true","benefit1_call_to_action.Content":"true","benefit2_call_to_action.Content":"true","benefit3_call_to_action.Content":"true","benefit4_call_to_action.Content":"true","footer_contact_address.Content":"<div>Wilhelm-Leuschner-Str. 2<br>67547 Worms<\/div>\n<div><\/div>\n<div>E-Mail: <a href=\"mailto:hoffmann@anwalt-experten.de\">hoffmann@anwalt-experten.de<\/a><\/div>\n<div>Tel.: <a href=\"tel:+496241206844\">+49 6241 206844<\/a><\/div>\n<div>Whatsapp: <a href=\"tel:+4915206796556\">+49 1520 6796556<\/a><\/div>","footer_e-mail.Value":"","footer_calendly_url.Value":"","footer_contact_form_from_email.Attribute":"OMmatic","linkedin.Value":"","linkedin_enabled.Value":"","instagram_enabled.Value":"","whatsapp_enabled.Value":"true","whatsapp_number.Value":"https:\/\/wa.me\/+4915206796556","06_gallery_footer1.gallery_related.TypeEntityName":"rechtsgebiete","06_gallery_footer1.gallery_related.Heading":"Rechtsgebiete","06_gallery_footer2.gallery_related.TypeEntityName":"dienstleistungen","footer_subheading_contact_form.Content":"Ihre Rechtsanw\u00e4ltin Julia Hoffmann.","instagram_url.Value":"","footer_e-mail.Attribute":"","footer_telephone.Attribute":"","footer_telephone.Value":"","footer_opening_hours.Content":"Mo., Di., Do.: 9:00 - 12:00 & 14:00 - 17:00 Uhr<br>Mi.: 9:00 - 12:00 Uhr","footer_contact_form_enabled.Value":"true","footer_heading_contact_form.Content":"<div>Kontakt<\/div>","footer_contact_form_name_text.Content":"Ihr Name","footer_contact_form_message_text.Content":"Ihre Nachricht","footer_contact_form_mail_text.Content":"ihre@email.com","footer_contact_form_heading.Content":"<div>Kontakt<\/div>","footer_contact_form_button_text.Content":"Absenden","footer_contact_form_phone_text.Content":"Telefonnummer","fachanwalt_de_url.Value":"https:\/\/www.fachanwalt.de\/julia-hoffmann","schema_jsonld":"","07_footer.fachanwalt_de_logo.Id":370,"07_footer.juraforum_de_logo.Id":372,"07_footer.experten_branchenbuch_de_logo.Id":369,"footer_opening_hours_heading.Content":"<div>\u00d6ffnungszeiten<\/div>","footer_contact_form_mailto.Value":"hoffmann@anwalt-experten.de","footer_contact_form_subject.Content":"Nachricht von der Webseite jh-recht.de","footer_contact_form_bcc.Value":"marcel.zirkel@ommatic.de","footer_contact_form.Value":"1","footer_contact_form_posturl.Value":"https:\/\/eomsyd75moq1mt3.m.pipedream.net","experten_branchenbuch_de_url.Value":"https:\/\/www.experten-branchenbuch.de\/rechtsanwalt\/julia-hoffmann-worms","juraforum_de_url.Value":"https:\/\/www.juraforum.de\/rechtsanwalt\/julia-hoffmann-worms","07_footer.background_image.Id":374,"06_gallery_footer3.gallery_related.TypeEntityName":"rechtsanwaelte","footer_contact_form_from_email.Value":"marketing@ommatic.de","06_gallery_footer3.gallery_related.Heading":"Rechtsanw\u00e4ltin","06_gallery_footer2.gallery_related.Heading":"Dienstleistungen","footer_address_heading.Content":"<div>Adresse<\/div>","emergency_number_heading.Content":"<div>Gerne f\u00fcr Sie erreichbar<\/div>","emergency_number.Attribute":"+49 1520 6796556","emergency_number.Value":"tel:+4915206796556","facebook.Value":"","facebook_enabled.Value":"","einbock_eintraege_enabled.Value":"true","instagram_url.Attribute":"instagram_url","tb-uid":"9628"},"aioseo_notices":[],"_links":{"self":[{"href":"https:\/\/jh-recht.de\/ru\/wp-json\/wp\/v2\/pages\/375","targetHints":{"allow":["GET"]}}],"collection":[{"href":"https:\/\/jh-recht.de\/ru\/wp-json\/wp\/v2\/pages"}],"about":[{"href":"https:\/\/jh-recht.de\/ru\/wp-json\/wp\/v2\/types\/page"}],"author":[{"embeddable":true,"href":"https:\/\/jh-recht.de\/ru\/wp-json\/wp\/v2\/users\/1"}],"replies":[{"embeddable":true,"href":"https:\/\/jh-recht.de\/ru\/wp-json\/wp\/v2\/comments?post=375"}],"version-history":[{"count":1,"href":"https:\/\/jh-recht.de\/ru\/wp-json\/wp\/v2\/pages\/375\/revisions"}],"predecessor-version":[{"id":25550,"href":"https:\/\/jh-recht.de\/ru\/wp-json\/wp\/v2\/pages\/375\/revisions\/25550"}],"wp:featuredmedia":[{"embeddable":true,"href":"https:\/\/jh-recht.de\/ru\/wp-json\/wp\/v2\/media\/14904"}],"wp:attachment":[{"href":"https:\/\/jh-recht.de\/ru\/wp-json\/wp\/v2\/media?parent=375"}],"curies":[{"name":"WP","href":"https:\/\/api.w.org\/{rel}","templated":true}]}}