{"id":381,"date":"0001-01-01T00:53:28","date_gmt":"0001-01-01T00:00:00","guid":{"rendered":"https:\/\/jh-recht.de\/sprachangebot\/"},"modified":"2026-01-27T15:53:03","modified_gmt":"2026-01-27T14:53:03","slug":"sprachangebot","status":"publish","type":"page","link":"https:\/\/jh-recht.de\/ru\/sprachangebot\/","title":{"rendered":"\u042f\u0437\u044b\u043a\u043e\u0432\u043e\u0439 \u043a\u0443\u0440\u0441"},"content":{"rendered":"","protected":false},"excerpt":{"rendered":"","protected":false},"author":1,"featured_media":2406,"parent":0,"menu_order":0,"comment_status":"closed","ping_status":"closed","template":"","meta":{"_acf_changed":false,"inline_featured_image":false,"footnotes":""},"class_list":["post-381","page","type-page","status-publish","has-post-thumbnail","hentry"],"acf":{"header_address.Content":"","header_opening_hours.Content":"","header_phone_number.Content":"","child_entity.Value":"","001_page_meta.page_image10.Id":2406,"001_page_meta.page_image9.Id":2406,"001_page_meta.page_image8.Id":2406,"001_page_meta.page_image7.Id":2406,"001_page_meta.page_image6.Id":2406,"001_page_meta.page_image5.Id":2406,"001_page_meta.page_image4.Id":2406,"001_page_meta.page_image3.Id":2406,"001_page_meta.page_image2.Id":2406,"001_page_meta.page_image1.Id":2406,"0001_website_meta.site_logo.Id":2293,"galleries_enabled.Value":"true","multi_language_maps_enabled.Value":"false","001_page_meta.featured_image_mobile.Id":2406,"001_page_meta.featured_image.Id":2406,"001_page_meta.content_image_3.Id":null,"001_page_meta.content_image_2.Id":null,"001_page_meta.content_image_1.Id":null,"parent_entity.Value":"","type_entity.Value":"","0001_website_meta.site_logo_inverted.Id":2406,"02_hero_content.hero_image3.Id":null,"02_hero_content.image_hero_content3.Id":null,"02_hero_content.image_hero_content2.Id":null,"02_hero_content.image_hero_content1.Id":null,"heading_hero_benefit3.Content":"","heading_hero_benefit2.Content":"","heading_hero_benefit1.Content":"","heading_hero_slider.Content":"","02_hero_content.hero_image8.Id":null,"02_hero_content.hero_image7.Id":null,"02_hero_content.hero_image6.Id":null,"02_hero_content.hero_image5.Id":null,"02_hero_content.hero_image4.Id":null,"top_heading_hero.Content":"<div>Rechtsanw\u00e4ltin Julia Hoffmann - Stark an Ihrer Seite \u2013 f\u00fcr Familie, Verm\u00f6gen und pers\u00f6nliche Rechte.<\/div>","02_hero_content.hero_image2.Id":null,"02_hero_content.hero_image1.Id":null,"hero_content_form_benefit2.Content":"","hero_content_form_benefit1.Content":"","hero_content_form_benefit3.Content":"","hero_content_form.Value":"","hero_gallery_enabled.Value":"false","main_heading_hero_cta.Value":"\/kontakt","main_heading_hero_cta.Attribute":"Kontakt","sub_heading_hero.Content":"<div>Engagierte Rechtsberatung f\u00fcr pers\u00f6nliche, famili\u00e4re und erbrechtliche Anliegen.<\/div>","main_heading_hero.Content":"Kanzlei","subheading_contact_form.Content":"","contact_area_contact_form_phone_text.Content":"","contact_area_contact_form_name_text.Content":"","contact_area_contact_form_message_text.Content":"","contact_area_contact_form_mail_text.Content":"","contact_area_contact_form_button_text.Content":"","contact_form.Value":"","contact_address.Content":"","opening_hours.Content":"","map.Value":"","heading_contact_form.Content":"","telephone.Value":"","e-mail.Value":"","e-mail.Attribute":"","calendly_enabled.Value":"false","contact_image_enabled.Value":"","contact_maps_enabled.Value":"","calendly_url.Value":"","calendly_url.Attribute":"","online_form_name.Content":"","online_form_source.Value":"","testimonial3_customer.Content":"","04_social_proof.testimonial1_image.Id":null,"04_social_proof.testimonial2_image.Id":null,"04_social_proof.testimonial3_image.Id":null,"04_social_proof.google_places_review_image.Id":null,"04_social_proof.social_proof_background_image.Id":null,"heading_social_proof.Content":"","google_places_id2.Value":"","google_places_id.Value":"","testimonial1_customer.Content":"","testimonial1_text.Content":"","testimonial2_customer.Content":"","testimonial3_text.Content":"","testimonial2_text.Content":"","custom_reviews_enabled.Value":"","anwalt_de_widgetcode.Value":"","anwalt_de_enabled.Value":"","google_places_enabled.Value":"","google_places_reviews_enabled2.Value":"","google_places_reviews_enabled.Value":"","google_places_review_url2.Value":"","subheading_social_proof.Content":"","google_places_review_url.Value":"","social_proof_enabled.Value":"true","social_proof_disclaimer.Content":"","benefit_1_text.Content":"","05a_benefit_area.benefit_3_image.Id":null,"05a_benefit_area.benefit_2_image.Id":null,"05a_benefit_area.benefit_1_image.Id":null,"05a_benefit_area_enabled.Value":"true","benefit_heading_enabled.value":"false","benefit_heading.Content":"","benefit_3_text.Content":"","benefit_3_heading.Content":"","benefit_3_icon.Id":"","benefit_2_text.Content":"","benefit_2_heading.Content":"","benefit_2_icon.Id":"","benefit_1_icon.Id":"","benefit_1_heading.Content":"","benefit_1_widgetcode.Content":"","benefit_2_widgetcode.Content":"","benefit_3_widgetcode.Content":"","intro_heading.Content":"","intro_text.Content":"","intro_gallery_enabled.Value":"false","05a_content_intro_enabled.Value":"true","overview_heading.Content":"","overview_text.Content":"","overview_cta_lead_in.Content":"","overview_cta.Attribute":"","overview_cta.Value":"","05b_content_overview_enabled.Value":"true","detail_heading_opt2.Content":"NO_SHOW","05c_content_detail.image_product5.Id":null,"detail_text_opt2.Content":"NO_SHOW","detail_call_to_action_enabled.Value":"false","detail_slider_enabled.Value":"false","detail_heading.Content":"","detail_text.Content":"","detail_cta_lead_in.Content":"","detail_cta.Attribute":"Kontakt","detail_cta.Value":"\/kontakt","detail_heading_opt1.Content":"NO_SHOW","detail_text_opt1.Content":"NO_SHOW","detail_cta_lead_in_opt1.Content":"NO_SHOW","detail_cta_opt1.Attribute":"NO_SHOW","detail_cta_opt1.Value":"NO_SHOW","05c_content_detail.image_person_slider3.Id":null,"05c_content_detail_enabled.Value":"true","detail_cta_lead_in_opt2.Content":"NO_SHOW","detail_cta_opt2.Attribute":"NO_SHOW","detail_cta_opt2.Value":"NO_SHOW","detail_heading_opt3.Content":"NO_SHOW","detail_text_opt3.Content":"NO_SHOW","detail_cta_lead_in_opt3.Content":"NO_SHOW","05c_content_detail.image_product1.Id":null,"detail_cta_opt3.Attribute":"NO_SHOW","05c_content_detail.image_product2.Id":null,"detail_cta_opt3.Value":"NO_SHOW","05c_content_detail.image_product3.Id":null,"detail_heading_opt4.Content":"NO_SHOW","05c_content_detail.image_product4.Id":null,"detail_cta_opt6.Attribute":"NO_SHOW","detail_cta_lead_in_opt4.Content":"NO_SHOW","detail_cta_opt4.Attribute":"NO_SHOW","05c_content_detail.image_product6.Id":null,"05c_content_detail.image_product7.Id":null,"detail_cta_opt4.Value":"NO_SHOW","05c_content_detail.image_product8.Id":null,"05c_content_detail.image_product9.Id":null,"detail_heading_opt5.Content":"NO_SHOW","detail_text_opt5.Content":"NO_SHOW","detail_cta_lead_in_opt5.Content":"NO_SHOW","detail_cta_opt5.Attribute":"NO_SHOW","detail_cta_opt5.Value":"NO_SHOW","detail_heading_opt6.Content":"NO_SHOW","detail_text_opt6.Content":"NO_SHOW","detail_cta_opt6.Value":"NO_SHOW","detail_text_opt4.Content":"NO_SHOW","05c_content_detail.image_staff_1.Id":null,"05c_content_detail.image_staff_2.Id":null,"05c_content_detail.image_staff_3.Id":null,"05c_content_detail.image_staff_4.Id":null,"05c_content_detail.image_staff_5.Id":null,"05c_content_detail.image_staff_6.Id":null,"05c_content_detail.image_person_slider1.Id":null,"05c_content_detail.image_office.Id":null,"detail_cta_lead_in_opt6.Content":"NO_SHOW","05c_content_detail.image_person_slider4.Id":null,"05c_content_detail.image_person.Id":null,"05c_content_detail.image_person_slider2.Id":null,"competence_heading.Content":"","competence_text.Content":"","competence_cta_lead_in.Content":"","competence_cta.Attribute":"","competence_cta.Value":"","05d_content_competence_enabled.Value":"true","05d_content_competence.competence_image1.Id":null,"05d_content_competence.competence_image2.Id":null,"services_heading.Content":"","services_text.Content":"","services_cta_lead_in.Content":"","services_cta.Attribute":"","services_cta.Value":"","05e_content_services_enabled.Value":"true","faq_heading.Content":"","question2.Content":"","question3.Content":"","question4.Content":"","question5.Content":"","question6.Content":"","question7.Content":"","question8.Content":"","question9.Content":"","question10.Content":"","question1.Content":"","answer10.Content":"","answer3.Content":"","answer4.Content":"","answer5.Content":"","answer6.Content":"","answer7.Content":"","answer8.Content":"","answer9.Content":"","answer1.Content":"","answer2.Content":"","05f_questions_and_answers_enabled.Value":"true","seoarea1heading.Content":"","seoarea1text.Content":"","seoarea2heading.Content":"","seoarea2text.Content":"","seoarea3heading.Content":"","seoarea3text.Content":"","seoarea4heading.Content":"","seoarea4text.Content":"","05g_seoarea_enabled.Value":"true","06_gallery_related1.gallery_related.TypeEntityName":"","06_gallery_related1.gallery_related.SubHeading":"","06_gallery_related1.gallery_related.Heading":"","06_gallery_related1.background_image.Id":368,"06_gallery_related1.gallery_related.ButtonCtaText":"","06_gallery_related1.gallery_related.ButtonCtaUrl":"","gallery_related1_filterable_tabs_enabled.Value":"false","06_gallery_related1_enabled.Value":"true","06_gallery_related2.gallery_related.TypeEntityName":"","06_gallery_related2.gallery_related.SubHeading":"","06_gallery_related2.gallery_related.Heading":"","06_gallery_related2.background_image.Id":368,"06_gallery_related2.gallery_related.ButtonCtaText":"","06_gallery_related2.gallery_related.ButtonCtaUrl":"","06_gallery_related2_enabled.Value":"true","06_gallery_related3.gallery_related.TypeEntityName":"","06_gallery_related3.gallery_related.SubHeading":"","06_gallery_related3.background_image.Id":368,"06_gallery_related3.gallery_related.ButtonCtaText":"","06_gallery_related3.gallery_related.ButtonCtaUrl":"","06_gallery_related3.gallery_related.Heading":"","06_gallery_related3_enabled.Value":"","06_gallery_related4.gallery_related.EnityId":"","06_gallery_related4.gallery_related.SubHeading":"","06_gallery_related4.gallery_related.Heading":"","06_gallery_related4.background_image.Id":null,"06_gallery_related4.gallery_related.ButtonCtaText":"","06_gallery_related4.gallery_related.ButtonCtaUrl":"","06_gallery_related4_enabled.Value":"","06_gallery_related5.gallery_related.EnityId":"","06_gallery_related5.gallery_related.SubHeading":"","06_gallery_related5.gallery_related.Heading":"","06_gallery_related5.background_image.Id":null,"06_gallery_related5.gallery_related.ButtonCtaText":"","06_gallery_related5.gallery_related.ButtonCtaUrl":"","06_gallery_related5_enabled.Value":"","instagram_feed.Content":"","toc_heading.Content":"true","heading_call_to_action.Content":"<div>Jetzt Anfrage stellen<\/div>","subheading_call_to_action.Content":"<div>Wir beraten Sie gerne umfassend und pers\u00f6nlich bei Ihrem Anliegen.<\/div>","cta_call_to_action.Attribute":"Kontakt","cta_call_to_action.Value":"\/kontakt","call_to_action_video_enabled.Value":"","video_call_to_action_youtube_url.Value":"","video_call_to_action_youtube_url2.Value":"","06a_home_call_to_action.image_call_to_action.Id":2294,"06a_home_call_to_action_enabled.Value":"true","benefit1_call_to_action.Content":"true","benefit2_call_to_action.Content":"true","benefit3_call_to_action.Content":"true","benefit4_call_to_action.Content":"true","footer_contact_address.Content":"<div>Wilhelm-Leuschner-Str. 2<br>67547 Worms<\/div>","footer_e-mail.Value":"mailto:hoffmann@anwalt-experten.de","footer_calendly_url.Value":"","footer_contact_form_from_email.Attribute":"OMmatic","linkedin.Value":"","linkedin_enabled.Value":"","instagram_enabled.Value":"","whatsapp_enabled.Value":"true","whatsapp_number.Value":"https:\/\/wa.me\/01520\/6796556","06_gallery_footer1.gallery_related.TypeEntityName":"rechtsgebiete","06_gallery_footer1.gallery_related.Heading":"Rechtsgebiete","06_gallery_footer2.gallery_related.TypeEntityName":"dienstleistungen","footer_subheading_contact_form.Content":"Ihre Kanzlei Rechtsanw\u00e4ltin Julia Hoffmann.","instagram_url.Value":"","footer_e-mail.Attribute":"hoffmann@anwalt-experten.de","footer_telephone.Attribute":"+49 6241 206844","footer_telephone.Value":"tel:+496241206844","footer_opening_hours.Content":"","footer_contact_form_enabled.Value":"true","footer_heading_contact_form.Content":"<div>Kontakt<\/div>","footer_contact_form_name_text.Content":"Ihr Name","footer_contact_form_message_text.Content":"Ihre Nachricht","footer_contact_form_mail_text.Content":"ihre@email.com","footer_contact_form_heading.Content":"<div>Kontakt<\/div>","footer_contact_form_button_text.Content":"Absenden","footer_contact_form_phone_text.Content":"Telefonnummer","fachanwalt_de_url.Value":"","schema_jsonld":"","07_footer.fachanwalt_de_logo.Id":370,"07_footer.juraforum_de_logo.Id":372,"07_footer.experten_branchenbuch_de_logo.Id":369,"footer_opening_hours_heading.Content":"<div>\u00d6ffnungszeiten<\/div>","footer_contact_form_mailto.Value":"hoffmann@anwalt-experten.de","footer_contact_form_subject.Content":"Nachricht von der Webseite jh-recht.de","footer_contact_form_bcc.Value":"marcel.zirkel@ommatic.de","footer_contact_form.Value":"1","footer_contact_form_posturl.Value":"https:\/\/eomsyd75moq1mt3.m.pipedream.net","experten_branchenbuch_de_url.Value":"","juraforum_de_url.Value":"","07_footer.background_image.Id":374,"06_gallery_footer3.gallery_related.TypeEntityName":"rechtsanwaelte","footer_contact_form_from_email.Value":"marketing@ommatic.de","06_gallery_footer3.gallery_related.Heading":"Rechtsanw\u00e4lte","06_gallery_footer2.gallery_related.Heading":"Dienstleistungen","footer_address_heading.Content":"<div>Adresse<\/div>","emergency_number_heading.Content":"<div>Gerne f\u00fcr Sie erreichbar<\/div>","emergency_number.Attribute":"+49 6241 206844","emergency_number.Value":"tel:+496241206844","facebook.Value":"","facebook_enabled.Value":"","einbock_eintraege_enabled.Value":"false","instagram_url.Attribute":"instagram_url","tb-uid":"9634"},"aioseo_notices":[],"_links":{"self":[{"href":"https:\/\/jh-recht.de\/ru\/wp-json\/wp\/v2\/pages\/381","targetHints":{"allow":["GET"]}}],"collection":[{"href":"https:\/\/jh-recht.de\/ru\/wp-json\/wp\/v2\/pages"}],"about":[{"href":"https:\/\/jh-recht.de\/ru\/wp-json\/wp\/v2\/types\/page"}],"author":[{"embeddable":true,"href":"https:\/\/jh-recht.de\/ru\/wp-json\/wp\/v2\/users\/1"}],"replies":[{"embeddable":true,"href":"https:\/\/jh-recht.de\/ru\/wp-json\/wp\/v2\/comments?post=381"}],"version-history":[{"count":0,"href":"https:\/\/jh-recht.de\/ru\/wp-json\/wp\/v2\/pages\/381\/revisions"}],"wp:featuredmedia":[{"embeddable":true,"href":"https:\/\/jh-recht.de\/ru\/wp-json\/wp\/v2\/media\/2406"}],"wp:attachment":[{"href":"https:\/\/jh-recht.de\/ru\/wp-json\/wp\/v2\/media?parent=381"}],"curies":[{"name":"WP","href":"https:\/\/api.w.org\/{rel}","templated":true}]}}